{"id":49,"date":"2015-12-17T14:36:32","date_gmt":"2015-12-17T14:36:32","guid":{"rendered":"http:\/\/www.ag-jugendpflege.de\/wordpress\/?page_id=49"},"modified":"2022-02-08T14:10:02","modified_gmt":"2022-02-08T14:10:02","slug":"juleica","status":"publish","type":"page","link":"https:\/\/www.ag-jugendpflege.de\/?page_id=49","title":{"rendered":"Infos JuLeiCa"},"content":{"rendered":"\n<figure class=\"wp-block-image size-full\"><img loading=\"lazy\" decoding=\"async\" width=\"752\" height=\"776\" src=\"https:\/\/www.ag-jugendpflege.de\/wp-content\/uploads\/2022\/02\/Plakat-Teamtraining-Maerz-2022.png\" alt=\"\" class=\"wp-image-834\" srcset=\"https:\/\/www.ag-jugendpflege.de\/wp-content\/uploads\/2022\/02\/Plakat-Teamtraining-Maerz-2022.png 752w, https:\/\/www.ag-jugendpflege.de\/wp-content\/uploads\/2022\/02\/Plakat-Teamtraining-Maerz-2022-291x300.png 291w\" sizes=\"auto, (max-width: 752px) 100vw, 752px\" \/><\/figure>\n\n\n<table style=\"width: 100%; height: 1012px;\" border=\"0\" width=\"600\" cellspacing=\"0\">\n<tbody>\n<tr style=\"height: 93px;\">\n<td style=\"height: 93px;\" colspan=\"4\"><img loading=\"lazy\" decoding=\"async\" class=\"alignnone size-full wp-image-294\" src=\"http:\/\/www.ag-jugendpflege.de\/wp-content\/uploads\/2015\/12\/Juleica-1.gif\" alt=\"Juleica\" width=\"700\" height=\"85\" \/><\/td>\n<\/tr>\n<tr style=\"height: 106px;\">\n<td style=\"height: 106px;\">\u00a0<\/td>\n<td style=\"height: 106px;\" colspan=\"3\">Die JuLeiCa weist euch als qualifizierte und verantwortungsbewusste Jugend(gruppen) leiterinnen und -leiter aus und ist bundesweit anerkannt. Die JuLeiCa wird immer f\u00fcr drei Jahre ausgestellt und muss dann wieder verl\u00e4ngert werden.\n<p>\u00a0<\/p>\n<p>Die n\u00e4chste kreisweite Juleica-Schulung der AG Jugendpflege findet am 18.03.2022 &#8211; 20.03.2022 in Kell am See statt. Mehr Infos dazu bei der Jugendpflege Hermeskeil oder Saarburg-Kell.<\/p>\n<p><strong>Team Training Offener Jugendtreff der Jugendpflege<\/strong><br \/><strong>18. \u2013 20. M\u00e4rz 2022 in Kell am See<\/strong><br \/>Jugendleiterseminar f\u00fcr Verantwortliche in offenen Jugendr\u00e4umen in Trier-Saarburg<br \/>Das JUZ und die Jugendpflege Saarburg-Kell laden zusammen mit Ihrem Verbund, der AGJugendpflege, zur Jugendleiterschulung ein. Die Schulung ist ein Angebot an alle Betreuer:innen, die<br \/>sich in offenen Jugendr\u00e4umen engagieren m\u00f6chten. Bei Fragen wendet euch bitte an die<br \/>Mitarbeiter:innen des JUZ: 06581-2412, info@juz-saarburg.de oder den Jugendpfleger: Jochen Heib:<br \/>0175-5553295, Email: jochen.heib@saarburg-kell.de<\/p>\n<p><br \/>Teilnahmebedingungen:<br \/>-Mindestalter 16 Jahre<br \/>-Kostenbeitrag 40 \u20ac)<br \/>-\u00dcbernachtungen in der Jugendbildungswerkstatt Kell am See<br \/>-Bis sp\u00e4testens 08.03.22 m\u00fcsst ihr euch unter www.go4ju.de f\u00fcr das Seminar anmelden.<br \/>-Das Mitbringen von alkoholischen Getr\u00e4nken ist nicht erlaubt !<\/p>\n<p><br \/>An wen richtet sich die Jugendleiterschulung ?<br \/>Jugendr\u00e4ume und offene Treffs bieten den Jugendlichen einen Raum jenseits der Erwachsenenwelt.<br \/>Die R\u00e4ume sollen von Euch in eigener Initiative gestaltet und organisiert werden. So k\u00f6nnt ihr selbst<br \/>Verantwortung im eigenen Ort \u00fcbernehmen.<br \/>Die Ausbildung f\u00fcr Jugendleiter:innen dient dazu, Verantwortung zu \u00fcbernehmen und zwischen den<br \/>Jugendlichen, deren Eltern oder auch Gemeinde, Vereinen, Polizei, Anwohnern in Konfliktsituationen<br \/>zu vermitteln.<br \/>Sie beinhaltet p\u00e4dagogische Grundlagen der Jugendarbeit, Organisation, Kommunikation,<br \/>Rechtsfragen und weiterf\u00fchrende Angebote, die sich mit speziellen Fragestellungen aus dem Alltag<br \/>der Jugendarbeit im Speziellen in offenen Jugendtreffs besch\u00e4ftigen.<br \/>Die Schulung ist ein Angebot an alle Betreuer:innen, die sich in offenen Jugendr\u00e4umen engagieren<br \/>m\u00f6chten und mindestens 16 Jahre alt sind und vermittelt dar\u00fcber hinaus auch Grundlagen f\u00fcr<br \/>Gruppenleiter:innen im Allgemeinen.<br \/>F\u00fcr die Teilnahme an der Schulung werden 16 Stunden zum Erwerb der Jugendleiter-Card (JuLeiCa)<br \/>anerkannt. Infos zur JuLeiCa gibt es unter: www.juleica.net<\/p>\n<p>\u00a0<\/p>\n<p>\u00a0<\/p>\n<p>\u00a0<\/p>\n<\/td>\n<\/tr>\n<tr style=\"height: 24px;\">\n<td style=\"height: 24px;\">\u00a0<\/td>\n<td style=\"height: 24px;\" colspan=\"3\"><strong>Wie komme ich zur JuLeiCa?<\/strong><\/td>\n<\/tr>\n<tr style=\"height: 266px;\">\n<td style=\"height: 266px;\" colspan=\"4\">\n<ul>\n<li>Ich bin mind. 16 Jahre alt und engagiere mich im Bereich der Kinder- und Jugendarbeit.<\/li>\n<li>Ich nehme an mind. 30 Zeitstunden Aus- und Fortbildung aus den Bereichen Gruppenleitung, rechtliche Grundlagen, P\u00e4dagogik teil und absolviere einen Erste- Hilfe-Kurs im Umfang von 12 Zeitstunden bei einem anerkannten Tr\u00e4ger f\u00fcr die Ausbildung von Ersthelferinnen und Ersthelfern.<\/li>\n<li>Ich kann die Ausbildung entweder \u00fcber eine Grundausbildung kompakt oder \u00fcber einzelne Bausteine erwerben.<\/li>\n<li>Ich f\u00fclle online unter www.juleica.de einen Antrag f\u00fcr die JuLeiCa aus (hierzu brauche ich eine eigene Mailadresse und ein digitales Foto) und weise meine hierf\u00fcr notwendigen Aus- und Fortbildungen bei den Zust\u00e4ndigen der AG Jugendpflege nach.<\/li>\n<\/ul>\n<\/td>\n<\/tr>\n<tr style=\"height: 24px;\">\n<td style=\"height: 24px;\">\u00a0<\/td>\n<td style=\"height: 24px;\"><strong>Was n\u00fctzt mir die JuLeiCa?<\/strong><\/td>\n<td style=\"height: 24px;\">\u00a0<\/td>\n<td style=\"height: 24px;\">\u00a0<\/td>\n<\/tr>\n<tr style=\"height: 179px;\">\n<td style=\"height: 179px;\" colspan=\"4\">\n<ul>\n<li>Ich kann mich als ausgebildete Jugend(gruppen)leitung ausweisen.<\/li>\n<li>Ich profitiere von verschiedenen Verg\u00fcnstigungen (z.B. reduzierte Eintritte in Freib\u00e4der und Museen, Zuschuss zur Bahncard \u00fcber das Landesjugendamt),<\/li>\n<li>Die erworbenen Qualifikationen k\u00f6nnen auch im Berufsleben oder bei der Suche nach einer Ausbildungsstelle bzw. einem Job hilfreich sein.<\/li>\n<\/ul>\n<\/td>\n<\/tr>\n<tr style=\"height: 24px;\">\n<td style=\"height: 24px;\">\u00a0<\/td>\n<td style=\"height: 24px;\">\u00a0<strong>Wie verl\u00e4ngere ich die JuLeiCa?<\/strong><\/td>\n<td style=\"height: 24px;\">\u00a0<\/td>\n<td style=\"height: 24px;\">\u00a0<\/td>\n<\/tr>\n<tr style=\"height: 208px;\">\n<td style=\"height: 208px;\" colspan=\"4\">\n<ul>\n<li>Nachweis des Tr\u00e4gers, dass ich weiterhin in der Kinder- und Jugendarbeit engagiert bin,<\/li>\n<li>Teilnahme an einem oder mehreren Schulungsbausteinen (im Umfang von 8 Zeitstunden) zur Auffrischung meiner Qualifikation, \u00b4<\/li>\n<li>und dann ein erneuter Onlineantrag bei www.juleica.deoder Mitarbeit im Team bei der Vorbereitung und Durchf\u00fchrung von Jugendleitungsschulungen, um direkte Erfahrungen in der Leitung zu vertiefen,<\/li>\n<li>und dann ein erneuter Onlineantrag bei <a href=\"http:\/\/www.juleica.de\">www.juleica.de<\/a><\/li>\n<\/ul>\n<\/td>\n<\/tr>\n<tr style=\"height: 24px;\">\n<td style=\"height: 24px;\">\u00a0<\/td>\n<td style=\"height: 24px;\">\u00a0<strong>Wie melde ich mich zu den Seminaren an?<\/strong><\/td>\n<td style=\"height: 24px;\">\u00a0<\/td>\n<td style=\"height: 24px;\">\u00a0<\/td>\n<\/tr>\n<tr style=\"height: 64px;\">\n<td style=\"height: 64px;\" colspan=\"4\">\n<ul>\n<li>bei den jeweiligen Anbieterinnen und Anbietern einer Aus- oder Fortbildungsveranstaltung,<\/li>\n<\/ul>\n<\/td>\n<\/tr>\n<\/tbody>\n<\/table>\n<table id=\"table1\" border=\"0\" width=\"100%\">\n<tbody>\n<tr>\n<td>\u00a0<\/td>\n<td>\u00a0<\/td>\n<\/tr>\n<\/tbody>\n<\/table>","protected":false},"excerpt":{"rendered":"<p>\u00a0 Die JuLeiCa weist euch als qualifizierte und verantwortungsbewusste Jugend(gruppen) leiterinnen und -leiter aus und ist bundesweit anerkannt. Die JuLeiCa wird immer f\u00fcr drei Jahre ausgestellt und muss dann wieder verl\u00e4ngert werden. \u00a0 Die n\u00e4chste kreisweite Juleica-Schulung der AG Jugendpflege findet am 18.03.2022 &#8211; 20.03.2022 in Kell am See statt. Mehr Infos dazu bei der [&hellip;]<\/p>\n","protected":false},"author":1,"featured_media":0,"parent":0,"menu_order":0,"comment_status":"closed","ping_status":"closed","template":"","meta":{"footnotes":""},"class_list":["post-49","page","type-page","status-publish","hentry"],"_links":{"self":[{"href":"https:\/\/www.ag-jugendpflege.de\/index.php?rest_route=\/wp\/v2\/pages\/49","targetHints":{"allow":["GET"]}}],"collection":[{"href":"https:\/\/www.ag-jugendpflege.de\/index.php?rest_route=\/wp\/v2\/pages"}],"about":[{"href":"https:\/\/www.ag-jugendpflege.de\/index.php?rest_route=\/wp\/v2\/types\/page"}],"author":[{"embeddable":true,"href":"https:\/\/www.ag-jugendpflege.de\/index.php?rest_route=\/wp\/v2\/users\/1"}],"replies":[{"embeddable":true,"href":"https:\/\/www.ag-jugendpflege.de\/index.php?rest_route=%2Fwp%2Fv2%2Fcomments&post=49"}],"version-history":[{"count":11,"href":"https:\/\/www.ag-jugendpflege.de\/index.php?rest_route=\/wp\/v2\/pages\/49\/revisions"}],"predecessor-version":[{"id":835,"href":"https:\/\/www.ag-jugendpflege.de\/index.php?rest_route=\/wp\/v2\/pages\/49\/revisions\/835"}],"wp:attachment":[{"href":"https:\/\/www.ag-jugendpflege.de\/index.php?rest_route=%2Fwp%2Fv2%2Fmedia&parent=49"}],"curies":[{"name":"wp","href":"https:\/\/api.w.org\/{rel}","templated":true}]}}