{"id":43,"date":"2015-12-17T14:34:48","date_gmt":"2015-12-17T14:34:48","guid":{"rendered":"http:\/\/www.ag-jugendpflege.de\/wordpress\/?page_id=43"},"modified":"2024-12-12T14:28:15","modified_gmt":"2024-12-12T14:28:15","slug":"die-ag","status":"publish","type":"page","link":"https:\/\/www.ag-jugendpflege.de\/","title":{"rendered":"die AG"},"content":{"rendered":"<table border=\"0\" width=\"700\" cellspacing=\"0\" cellpadding=\"0\">\n<tbody>\n<tr>\n<td colspan=\"2\">\n<h1><strong>Herzlich willkommen bei der AG Jugendpflege<\/strong><\/h1>\n<\/td>\n<\/tr>\n<tr>\n<td colspan=\"2\"><\/td>\n<\/tr>\n<tr>\n<td colspan=\"2\"><strong>\u201eKinder und Jugendliche sind unsere Zukunft!&#8221;<\/strong><\/p>\n<p>Dies gilt auch f\u00fcr den Landkreis Trier-Saarburg. Kinder und Jugendliche, das Kapital der Zukunft, m\u00fcssen sich in Trier-Saarburg aber auch wohlf\u00fchlen und die f\u00fcr ihre Entwicklung f\u00f6rderlichen Rahmenbedingungen m\u00fcssen erhalten beziehungsweise geschaffen werden. Einen wichtigen Beitrag leistet hierzu eine gute Kinder- und Jugendarbeit, die es erm\u00f6glicht, non-formale und informelle Bildungsangebote wahrzunehmen und zu erleben. Diese ist neben Elternhaus, Schule bzw. Ausbildung eine der wichtigsten Entwicklungsorte, die unseren Kindern und Jugendlichen einen guten Start in die Zukunft erm\u00f6glichen. Die Arbeitsgemeinschaft Jugendpflege im Landkreis Trier-Saarburg unterst\u00fctzt und organisiert die Entwicklung von Angeboten der Kinder- und Jugendarbeit in allen Bereichen. \u201eJugendarbeit wirkt!&#8221;, titelte Werner Lindner bei der Ver\u00f6ffentlichung seiner Evaluationsergebnisse zu den Wirkungen der Kinder- und Jugendarbeit. Sie wirkt vor allem dort, wo ehrenamtliche Jugendarbeiterinnen und Jugendarbeiter die Chance auf eine fundierte, qualifizierte Aus- und Fortbildung bzw. Beratung haben. Diese Chancen garantieren im Landkreis Trier-Saarburg die Mitglieder der AG Jugendpflege! Wir laden Sie ein, sich auf den weiteren Seiten \u00fcber die Arbeit der AG Jugendpflege zu informieren. Gerne stehen Ihnen die Mitglieder der AG Jugendpflege pers\u00f6nlich f\u00fcr Fragen und Anregungen zur Verf\u00fcgung.<\/p>\n<p>Die Mitglieder der Arbeitsgemeinschaft lassen sich in ihrer Arbeit von den Prinzipien leiten, die im folgenden <strong>Statement-Papier<\/strong> beschrieben sind: <a href=\"http:\/\/www.ag-jugendpflege.de\/wp-content\/uploads\/2024\/12\/Erklaerung-zu-Demokratie-Freiheit-Offenheit-und-Toleranz.pdf\">Erkl\u00e4rung zu Demokratie, Freiheit, Offenheit und Toleranz<\/a><\/td>\n<\/tr>\n<tr>\n<td colspan=\"2\"><\/td>\n<\/tr>\n<\/tbody>\n<\/table>\n","protected":false},"excerpt":{"rendered":"<p>Herzlich willkommen bei der AG Jugendpflege \u201eKinder und Jugendliche sind unsere Zukunft!&#8221; Dies gilt auch f\u00fcr den Landkreis Trier-Saarburg. Kinder und Jugendliche, das Kapital der Zukunft, m\u00fcssen sich in Trier-Saarburg aber auch wohlf\u00fchlen und die f\u00fcr ihre Entwicklung f\u00f6rderlichen Rahmenbedingungen m\u00fcssen erhalten beziehungsweise geschaffen werden. Einen wichtigen Beitrag leistet hierzu eine gute Kinder- und Jugendarbeit, [&hellip;]<\/p>\n","protected":false},"author":1,"featured_media":0,"parent":0,"menu_order":0,"comment_status":"closed","ping_status":"closed","template":"","meta":{"footnotes":""},"class_list":["post-43","page","type-page","status-publish","hentry"],"_links":{"self":[{"href":"https:\/\/www.ag-jugendpflege.de\/index.php?rest_route=\/wp\/v2\/pages\/43","targetHints":{"allow":["GET"]}}],"collection":[{"href":"https:\/\/www.ag-jugendpflege.de\/index.php?rest_route=\/wp\/v2\/pages"}],"about":[{"href":"https:\/\/www.ag-jugendpflege.de\/index.php?rest_route=\/wp\/v2\/types\/page"}],"author":[{"embeddable":true,"href":"https:\/\/www.ag-jugendpflege.de\/index.php?rest_route=\/wp\/v2\/users\/1"}],"replies":[{"embeddable":true,"href":"https:\/\/www.ag-jugendpflege.de\/index.php?rest_route=%2Fwp%2Fv2%2Fcomments&post=43"}],"version-history":[{"count":17,"href":"https:\/\/www.ag-jugendpflege.de\/index.php?rest_route=\/wp\/v2\/pages\/43\/revisions"}],"predecessor-version":[{"id":924,"href":"https:\/\/www.ag-jugendpflege.de\/index.php?rest_route=\/wp\/v2\/pages\/43\/revisions\/924"}],"wp:attachment":[{"href":"https:\/\/www.ag-jugendpflege.de\/index.php?rest_route=%2Fwp%2Fv2%2Fmedia&parent=43"}],"curies":[{"name":"wp","href":"https:\/\/api.w.org\/{rel}","templated":true}]}}